{"id":5555,"date":"2022-03-15T13:59:22","date_gmt":"2022-03-15T13:59:22","guid":{"rendered":"https:\/\/empoweryourliving.com\/?page_id=5555"},"modified":"2025-04-28T14:11:43","modified_gmt":"2025-04-28T14:11:43","slug":"heilmassage","status":"publish","type":"page","link":"https:\/\/empoweryourliving.com\/de\/heilmassage\/","title":{"rendered":"ENERGETISCHE HEILMASSAGE"},"content":{"rendered":"\n<style type=\"text\/css\" data-created_by=\"avia_inline_auto\" id=\"style-css-av-l0s74309-9ee557b43763f8efbd6f26086728c556\">\n.avia-section.av-l0s74309-9ee557b43763f8efbd6f26086728c556{\nbackground-repeat:no-repeat;\nbackground-image:url(https:\/\/empoweryourliving.com\/wp-content\/uploads\/2022\/02\/DSC7306-scaled.jpg);\nbackground-position:50% 50%;\nbackground-attachment:scroll;\n}\n<\/style>\n<div id='av_section_1'  class='avia-section av-l0s74309-9ee557b43763f8efbd6f26086728c556 main_color avia-section-default avia-no-border-styling  avia-builder-el-0  el_before_av_two_third  avia-builder-el-first  avia-full-stretch avia-bg-style-scroll av-minimum-height av-minimum-height-60 av-height-percent  container_wrap fullsize'  data-section-bg-repeat='stretch' data-av_minimum_height_pc='60' data-av_min_height_opt='percent'><div class='container av-section-cont-open' ><main  role=\"main\" itemprop=\"mainContentOfPage\"  class='template-page content  av-content-full alpha units'><div class='post-entry post-entry-type-page post-entry-5555'><div class='entry-content-wrapper clearfix'>\n\n<style type=\"text\/css\" data-created_by=\"avia_inline_auto\" id=\"style-css-av-l0s75vke-5c8339be1ec7c56642a6496cf327899d\">\n#top .av-special-heading.av-l0s75vke-5c8339be1ec7c56642a6496cf327899d{\npadding-bottom:10px;\ncolor:#ffffff;\nfont-size:50px;\n}\nbody .av-special-heading.av-l0s75vke-5c8339be1ec7c56642a6496cf327899d .av-special-heading-tag .heading-char{\nfont-size:25px;\n}\n#top #wrap_all .av-special-heading.av-l0s75vke-5c8339be1ec7c56642a6496cf327899d .av-special-heading-tag{\nfont-size:50px;\n}\n.av-special-heading.av-l0s75vke-5c8339be1ec7c56642a6496cf327899d .special-heading-inner-border{\nborder-color:#ffffff;\n}\n.av-special-heading.av-l0s75vke-5c8339be1ec7c56642a6496cf327899d .av-subheading{\nfont-size:15px;\n}\n\n@media only screen and (min-width: 480px) and (max-width: 767px){ \n#top #wrap_all .av-special-heading.av-l0s75vke-5c8339be1ec7c56642a6496cf327899d .av-special-heading-tag{\nfont-size:0.8em;\n}\n}\n\n@media only screen and (max-width: 479px){ \n#top #wrap_all .av-special-heading.av-l0s75vke-5c8339be1ec7c56642a6496cf327899d .av-special-heading-tag{\nfont-size:0.8em;\n}\n}\n<\/style>\n<div  class='av-special-heading av-l0s75vke-5c8339be1ec7c56642a6496cf327899d av-special-heading-h1 custom-color-heading blockquote modern-quote modern-centered  avia-builder-el-1  avia-builder-el-no-sibling  av-inherit-size'><h1 class='av-special-heading-tag '  itemprop=\"headline\"  >ENERGIE UND K\u00d6RPERARBEIT<\/h1><div class=\"special-heading-border\"><div class=\"special-heading-inner-border\"><\/div><\/div><\/div>\n<\/div><\/div><\/main><!-- close content main element --><\/div><\/div><div id='after_section_1'  class='main_color av_default_container_wrap container_wrap fullsize'  ><div class='container av-section-cont-open' ><div class='template-page content  av-content-full alpha units'><div class='post-entry post-entry-type-page post-entry-5555'><div class='entry-content-wrapper clearfix'>\n\n<style type=\"text\/css\" data-created_by=\"avia_inline_auto\" id=\"style-css-av-3as3gz-d59876f444806fd7085c356b63044ef2\">\n.flex_column.av-3as3gz-d59876f444806fd7085c356b63044ef2{\nborder-radius:0px 0px 0px 0px;\npadding:0px 0px 0px 0px;\n}\n<\/style>\n<div  class='flex_column av-3as3gz-d59876f444806fd7085c356b63044ef2 av_two_third  avia-builder-el-2  el_after_av_section  el_before_av_hr  avia-builder-el-first  first flex_column_div av-zero-column-padding  '     ><p>\n<style type=\"text\/css\" data-created_by=\"avia_inline_auto\" id=\"style-css-av-2izso3-9c655433fda520cd716443299d7c04d8\">\n#top .av-special-heading.av-2izso3-9c655433fda520cd716443299d7c04d8{\npadding-bottom:10px;\ncolor:#595959;\n}\nbody .av-special-heading.av-2izso3-9c655433fda520cd716443299d7c04d8 .av-special-heading-tag .heading-char{\nfont-size:25px;\n}\n.av-special-heading.av-2izso3-9c655433fda520cd716443299d7c04d8 .special-heading-inner-border{\nborder-color:#595959;\n}\n.av-special-heading.av-2izso3-9c655433fda520cd716443299d7c04d8 .av-subheading{\nfont-size:15px;\n}\n<\/style>\n<div  class='av-special-heading av-2izso3-9c655433fda520cd716443299d7c04d8 av-special-heading-h2 custom-color-heading blockquote modern-quote  avia-builder-el-3  el_before_av_textblock  avia-builder-el-first '><h2 class='av-special-heading-tag '  itemprop=\"headline\"  >ENERGETISCHE HEILMASSAGE \u2013 EINE REISE ZU BALANCE UND TIEFER ENTSPANNUNG<\/h2><div class=\"special-heading-border\"><div class=\"special-heading-inner-border\"><\/div><\/div><\/div><br \/>\n\n<style type=\"text\/css\" data-created_by=\"avia_inline_auto\" id=\"style-css-av-l0s77omz-4cec33a7a31eec7bb91ca8b55e31fd38\">\n#top .av_textblock_section.av-l0s77omz-4cec33a7a31eec7bb91ca8b55e31fd38 .avia_textblock{\ncolor:#595959;\n}\n<\/style>\n<section  class='av_textblock_section av-l0s77omz-4cec33a7a31eec7bb91ca8b55e31fd38 '   itemscope=\"itemscope\" itemtype=\"https:\/\/schema.org\/CreativeWork\" ><div class='avia_textblock av_inherit_color'  itemprop=\"text\" ><div>\n<p>Tauche ein in einen Raum reiner Gelassenheit mit der Energetischen Heilmassage \u2013 eine transformative Erfahrung, die darauf abzielt, K\u00f6rper, Geist und Seele in Harmonie zu bringen. Mit achtsamen, wohltuenden Ber\u00fchrungen l\u00f6st diese Massage Stress, kl\u00e4rt den Geist und l\u00e4dt zu tiefer Entspannung ein. Sie wirkt auf mehreren Ebenen \u2013 k\u00f6rperlich, energetisch, mental und emotional \u2013 l\u00f6st Blockaden und aktiviert dein nat\u00fcrliches Heilungspotential.<\/p>\n<p>Die Massage bietet Menschen jeden Alters tiefgreifende Vorteile, f\u00f6rdert Entspannung, Balance und Wohlbefinden.<\/p>\n<p>F\u00fcr nachhaltige und tiefgreifende Heilung sind regelm\u00e4\u00dfige Sitzungen besonders empfehlenswert. Die Kombination dieser Massagen mit <a href=\"https:\/\/empoweryourliving.com\/de\/yoga-meditation-und-achtsamkeit\/\" target=\"_blank\" rel=\"noopener\">Achtsamkeitspraktiken<\/a> wie Atem\u00fcbungen und Meditation kann deinen Weg zu mehr Wohlbefinden noch weiter unterst\u00fctzen.<\/p>\n<p><strong>Was dich erwartet:<\/strong><\/p>\n<ul>\n<li>Vollst\u00e4ndig bekleidete Sitzungen \u2013 bitte trage bequeme Sportkleidung (keine Shorts) und ein lang\u00e4rmeliges Shirt, um warm zu bleiben.<\/li>\n<li>Eine pers\u00f6nliche Abstimmung zu Beginn jeder Sitzung, um die Erfahrung auf deine individuellen Bed\u00fcrfnisse zuzuschneiden.<\/li>\n<li>Ein tiefes Gef\u00fchl von Entspannung, Klarheit und Loslassen.<\/li>\n<\/ul>\n<p><strong>Preise:<\/strong><\/p>\n<ul>\n<li><strong>60 Minuten:<\/strong> CHF 100.\u2013<\/li>\n<li><strong>90 Minuten:<\/strong> CHF 140.\u2013<\/li>\n<li><strong>10er-Pass:<\/strong> 1 Massage kostenlos!<\/li>\n<\/ul>\n<p>\ud83d\udccd <strong>Ort:<\/strong> Brandegg\/Lenk, Schweiz (<em>lokaler Abholservice gegen Aufpreis verf\u00fcgbar<\/em>)<\/p>\n<p>\ud83d\udca1 <strong>Hinweis:<\/strong> Termine, die innerhalb von 24 Stunden abgesagt werden, werden vollst\u00e4ndig berechnet bzw. vom Pass abgezogen.<\/p>\n<p>Mache den ersten Schritt zu dauerhaftem Frieden und Balance \u2013 deine Reise beginnt hier.<\/p>\n<\/div>\n<\/div><\/section><\/p><\/div>\n\n<style type=\"text\/css\" data-created_by=\"avia_inline_auto\" id=\"style-css-av-lh6b3nn3-db4c1b5c7623243b79aebfb3218e066b\">\n#top .hr.hr-invisible.av-lh6b3nn3-db4c1b5c7623243b79aebfb3218e066b{\nheight:30px;\n}\n<\/style>\n<div  class='hr av-lh6b3nn3-db4c1b5c7623243b79aebfb3218e066b hr-invisible  avia-builder-el-5  el_after_av_two_third  el_before_av_gallery '><span class='hr-inner '><span class=\"hr-inner-style\"><\/span><\/span><\/div>\n\n<style type=\"text\/css\" data-created_by=\"avia_inline_auto\" id=\"style-css-av-lh6b4wq3-1287776c0ca802417e03f7176764d1aa\">\n#top .avia-gallery.av-lh6b4wq3-1287776c0ca802417e03f7176764d1aa .avia-gallery-thumb a{\nwidth:20%;\n}\n<\/style>\n<div  class='avia-gallery av-lh6b4wq3-1287776c0ca802417e03f7176764d1aa avia_animate_when_visible  avia-builder-el-6  el_after_av_hr  el_before_av_section  avia-builder-el-last  avia_lazyload avia-gallery-animate avia-gallery-1'  itemprop=\"image\" itemscope=\"itemscope\" itemtype=\"https:\/\/schema.org\/ImageObject\" ><meta itemprop=\"contentURL\" content=\"https:\/\/empoweryourliving.com\/de\/heilmassage\/\"><div class='avia-gallery-thumb'><a href=\"https:\/\/empoweryourliving.com\/wp-content\/uploads\/2023\/04\/IMG_7471-1030x755.jpg\" data-srcset=\"https:\/\/empoweryourliving.com\/wp-content\/uploads\/2023\/04\/IMG_7471-1030x755.jpg 1030w, https:\/\/empoweryourliving.com\/wp-content\/uploads\/2023\/04\/IMG_7471-300x220.jpg 300w, https:\/\/empoweryourliving.com\/wp-content\/uploads\/2023\/04\/IMG_7471-768x563.jpg 768w, https:\/\/empoweryourliving.com\/wp-content\/uploads\/2023\/04\/IMG_7471-1536x1125.jpg 1536w, https:\/\/empoweryourliving.com\/wp-content\/uploads\/2023\/04\/IMG_7471-2048x1500.jpg 2048w, https:\/\/empoweryourliving.com\/wp-content\/uploads\/2023\/04\/IMG_7471-1500x1099.jpg 1500w, https:\/\/empoweryourliving.com\/wp-content\/uploads\/2023\/04\/IMG_7471-705x517.jpg 705w\" data-sizes=\"(max-width: 1030px) 100vw, 1030px\" data-rel='gallery-1' data-prev-img='https:\/\/empoweryourliving.com\/wp-content\/uploads\/2023\/04\/IMG_7471-495x400.jpg' class='first_thumb lightbox ' data-onclick='1' title='IMG_7471'  itemprop=\"thumbnailUrl\"  ><img decoding=\"async\" fetchpriority=\"high\" class=\"wp-image-6269 avia-img-lazy-loading-not-6269\"   src=\"https:\/\/empoweryourliving.com\/wp-content\/uploads\/2023\/04\/IMG_7471-1030x755.jpg\" width=\"1030\" height=\"755\"  title='IMG_7471' alt='heilmassage' srcset=\"https:\/\/empoweryourliving.com\/wp-content\/uploads\/2023\/04\/IMG_7471-1030x755.jpg 1030w, https:\/\/empoweryourliving.com\/wp-content\/uploads\/2023\/04\/IMG_7471-300x220.jpg 300w, https:\/\/empoweryourliving.com\/wp-content\/uploads\/2023\/04\/IMG_7471-768x563.jpg 768w, https:\/\/empoweryourliving.com\/wp-content\/uploads\/2023\/04\/IMG_7471-1536x1125.jpg 1536w, https:\/\/empoweryourliving.com\/wp-content\/uploads\/2023\/04\/IMG_7471-2048x1500.jpg 2048w, https:\/\/empoweryourliving.com\/wp-content\/uploads\/2023\/04\/IMG_7471-1500x1099.jpg 1500w, https:\/\/empoweryourliving.com\/wp-content\/uploads\/2023\/04\/IMG_7471-705x517.jpg 705w\" sizes=\"(max-width: 1030px) 100vw, 1030px\" \/><div class='big-prev-fake'><img decoding=\"async\" loading=\"lazy\" class=\"wp-image-6269 avia-img-lazy-loading-6269\"  width=\"495\" height=\"400\" src=\"https:\/\/empoweryourliving.com\/wp-content\/uploads\/2023\/04\/IMG_7471-495x400.jpg\" title='IMG_7471' alt='heilmassage' srcset=\"https:\/\/empoweryourliving.com\/wp-content\/uploads\/2023\/04\/IMG_7471-495x400.jpg 495w, https:\/\/empoweryourliving.com\/wp-content\/uploads\/2023\/04\/IMG_7471-845x684.jpg 845w\" sizes=\"auto, (max-width: 495px) 100vw, 495px\" \/><\/div><\/a><a href=\"https:\/\/empoweryourliving.com\/wp-content\/uploads\/2023\/04\/IMG_3685-1030x777.jpg\" data-srcset=\"https:\/\/empoweryourliving.com\/wp-content\/uploads\/2023\/04\/IMG_3685-1030x777.jpg 1030w, https:\/\/empoweryourliving.com\/wp-content\/uploads\/2023\/04\/IMG_3685-300x226.jpg 300w, https:\/\/empoweryourliving.com\/wp-content\/uploads\/2023\/04\/IMG_3685-768x580.jpg 768w, https:\/\/empoweryourliving.com\/wp-content\/uploads\/2023\/04\/IMG_3685-705x532.jpg 705w, https:\/\/empoweryourliving.com\/wp-content\/uploads\/2023\/04\/IMG_3685.jpg 1280w\" data-sizes=\"(max-width: 1030px) 100vw, 1030px\" data-rel='gallery-1' data-prev-img='https:\/\/empoweryourliving.com\/wp-content\/uploads\/2023\/04\/IMG_3685-495x400.jpg' class='lightbox ' data-onclick='2' title='IMG_3685'  itemprop=\"thumbnailUrl\"  ><img decoding=\"async\" fetchpriority=\"high\" class=\"wp-image-6267 avia-img-lazy-loading-not-6267\"   src=\"https:\/\/empoweryourliving.com\/wp-content\/uploads\/2023\/04\/IMG_3685-1030x777.jpg\" width=\"1030\" height=\"777\"  title='IMG_3685' alt='heilmassage' srcset=\"https:\/\/empoweryourliving.com\/wp-content\/uploads\/2023\/04\/IMG_3685-1030x777.jpg 1030w, https:\/\/empoweryourliving.com\/wp-content\/uploads\/2023\/04\/IMG_3685-300x226.jpg 300w, https:\/\/empoweryourliving.com\/wp-content\/uploads\/2023\/04\/IMG_3685-768x580.jpg 768w, https:\/\/empoweryourliving.com\/wp-content\/uploads\/2023\/04\/IMG_3685-705x532.jpg 705w, https:\/\/empoweryourliving.com\/wp-content\/uploads\/2023\/04\/IMG_3685.jpg 1280w\" sizes=\"(max-width: 1030px) 100vw, 1030px\" \/><div class='big-prev-fake'><img decoding=\"async\" loading=\"lazy\" class=\"wp-image-6267 avia-img-lazy-loading-6267\"  width=\"495\" height=\"400\" src=\"https:\/\/empoweryourliving.com\/wp-content\/uploads\/2023\/04\/IMG_3685-495x400.jpg\" title='IMG_3685' alt='heilmassage' srcset=\"https:\/\/empoweryourliving.com\/wp-content\/uploads\/2023\/04\/IMG_3685-495x400.jpg 495w, https:\/\/empoweryourliving.com\/wp-content\/uploads\/2023\/04\/IMG_3685-845x684.jpg 845w\" sizes=\"auto, (max-width: 495px) 100vw, 495px\" \/><\/div><\/a><\/div><\/div>\n<\/div><\/div><\/div><!-- close content main div --><\/div><\/div>\n<style type=\"text\/css\" data-created_by=\"avia_inline_auto\" id=\"style-css-av-l0s78akz-68b057810266bf30d73fa40340d04fc8\">\n.avia-section.av-l0s78akz-68b057810266bf30d73fa40340d04fc8{\nbackground-color:#6e8c85;\nbackground-image:unset;\n}\n<\/style>\n<div id='av_section_2'  class='avia-section av-l0s78akz-68b057810266bf30d73fa40340d04fc8 main_color avia-section-default avia-no-border-styling  avia-builder-el-7  el_after_av_gallery  avia-builder-el-last  avia-bg-style-scroll container_wrap fullsize'  ><div class='container av-section-cont-open' ><div class='template-page content  av-content-full alpha units'><div class='post-entry post-entry-type-page post-entry-5555'><div class='entry-content-wrapper clearfix'>\n\n<style type=\"text\/css\" data-created_by=\"avia_inline_auto\" id=\"style-css-av-l0s791ak-2c77c7ed2f3bc71cb7ea5519f9fc4252\">\n#top .av-special-heading.av-l0s791ak-2c77c7ed2f3bc71cb7ea5519f9fc4252{\npadding-bottom:10px;\ncolor:#ffffff;\n}\nbody .av-special-heading.av-l0s791ak-2c77c7ed2f3bc71cb7ea5519f9fc4252 .av-special-heading-tag .heading-char{\nfont-size:25px;\n}\n.av-special-heading.av-l0s791ak-2c77c7ed2f3bc71cb7ea5519f9fc4252 .special-heading-inner-border{\nborder-color:#ffffff;\n}\n.av-special-heading.av-l0s791ak-2c77c7ed2f3bc71cb7ea5519f9fc4252 .av-subheading{\nfont-size:15px;\n}\n<\/style>\n<div  class='av-special-heading av-l0s791ak-2c77c7ed2f3bc71cb7ea5519f9fc4252 av-special-heading-h3 custom-color-heading blockquote modern-quote  avia-builder-el-8  el_before_av_textblock  avia-builder-el-first '><h3 class='av-special-heading-tag '  itemprop=\"headline\"  >BUCHUNGEN<\/h3><div class=\"special-heading-border\"><div class=\"special-heading-inner-border\"><\/div><\/div><\/div>\n\n<style type=\"text\/css\" data-created_by=\"avia_inline_auto\" id=\"style-css-av-l0s79rlo-043f5c206a8c86e4dabe077729881491\">\n#top .av_textblock_section.av-l0s79rlo-043f5c206a8c86e4dabe077729881491 .avia_textblock{\ncolor:#ffffff;\n}\n<\/style>\n<section  class='av_textblock_section av-l0s79rlo-043f5c206a8c86e4dabe077729881491 '   itemscope=\"itemscope\" itemtype=\"https:\/\/schema.org\/CreativeWork\" ><div class='avia_textblock av_inherit_color'  itemprop=\"text\" ><p>WhatsApp: +41 79 338 06 42<\/p>\n<\/div><\/section>\n\n","protected":false},"excerpt":{"rendered":"","protected":false},"author":1,"featured_media":0,"parent":0,"menu_order":0,"comment_status":"closed","ping_status":"closed","template":"","meta":{"footnotes":""},"class_list":["post-5555","page","type-page","status-publish","hentry"],"yoast_head":"<!-- This site is optimized with the Yoast SEO plugin v27.5 - https:\/\/yoast.com\/product\/yoast-seo-wordpress\/ -->\n<title>Heilmassage - EMPOWER YOUR LIVING<\/title>\n<meta name=\"description\" content=\"1 Heilmassage: Stress abbauen, Blockaden l\u00f6sen, geistige Klarheit erlangen. Tiefe Entspannung, f\u00fcr K\u00f6rper, Geist und Seele.\" \/>\n<meta name=\"robots\" content=\"index, follow, max-snippet:-1, max-image-preview:large, max-video-preview:-1\" \/>\n<link rel=\"canonical\" href=\"https:\/\/empoweryourliving.com\/de\/heilmassage\/\" \/>\n<meta property=\"og:locale\" content=\"de_DE\" \/>\n<meta property=\"og:type\" content=\"article\" \/>\n<meta property=\"og:title\" content=\"Heilmassage - EMPOWER YOUR LIVING\" \/>\n<meta property=\"og:description\" content=\"1 Heilmassage: Stress abbauen, Blockaden l\u00f6sen, geistige Klarheit erlangen. Tiefe Entspannung, f\u00fcr K\u00f6rper, Geist und Seele.\" \/>\n<meta property=\"og:url\" content=\"https:\/\/empoweryourliving.com\/de\/heilmassage\/\" \/>\n<meta property=\"og:site_name\" content=\"EMPOWER YOUR LIVING\" \/>\n<meta property=\"article:modified_time\" content=\"2025-04-28T14:11:43+00:00\" \/>\n<meta name=\"twitter:card\" content=\"summary_large_image\" \/>\n<meta name=\"twitter:label1\" content=\"Gesch\u00e4tzte Lesezeit\" \/>\n\t<meta name=\"twitter:data1\" content=\"2\u00a0Minuten\" \/>\n<script type=\"application\/ld+json\" class=\"yoast-schema-graph\">{\"@context\":\"https:\\\/\\\/schema.org\",\"@graph\":[{\"@type\":\"WebPage\",\"@id\":\"https:\\\/\\\/empoweryourliving.com\\\/de\\\/heilmassage\\\/\",\"url\":\"https:\\\/\\\/empoweryourliving.com\\\/de\\\/heilmassage\\\/\",\"name\":\"Heilmassage - EMPOWER YOUR LIVING\",\"isPartOf\":{\"@id\":\"https:\\\/\\\/empoweryourliving.com\\\/#website\"},\"datePublished\":\"2022-03-15T13:59:22+00:00\",\"dateModified\":\"2025-04-28T14:11:43+00:00\",\"description\":\"1 Heilmassage: Stress abbauen, Blockaden l\u00f6sen, geistige Klarheit erlangen. Tiefe Entspannung, f\u00fcr K\u00f6rper, Geist und Seele.\",\"breadcrumb\":{\"@id\":\"https:\\\/\\\/empoweryourliving.com\\\/de\\\/heilmassage\\\/#breadcrumb\"},\"inLanguage\":\"de\",\"potentialAction\":[{\"@type\":\"ReadAction\",\"target\":[\"https:\\\/\\\/empoweryourliving.com\\\/de\\\/heilmassage\\\/\"]}]},{\"@type\":\"BreadcrumbList\",\"@id\":\"https:\\\/\\\/empoweryourliving.com\\\/de\\\/heilmassage\\\/#breadcrumb\",\"itemListElement\":[{\"@type\":\"ListItem\",\"position\":1,\"name\":\"Home\",\"item\":\"https:\\\/\\\/empoweryourliving.com\\\/de\\\/transformative-reise\\\/\"},{\"@type\":\"ListItem\",\"position\":2,\"name\":\"ENERGETISCHE HEILMASSAGE\"}]},{\"@type\":\"WebSite\",\"@id\":\"https:\\\/\\\/empoweryourliving.com\\\/#website\",\"url\":\"https:\\\/\\\/empoweryourliving.com\\\/\",\"name\":\"EMPOWER YOUR LIVING\",\"description\":\"\",\"publisher\":{\"@id\":\"https:\\\/\\\/empoweryourliving.com\\\/#organization\"},\"potentialAction\":[{\"@type\":\"SearchAction\",\"target\":{\"@type\":\"EntryPoint\",\"urlTemplate\":\"https:\\\/\\\/empoweryourliving.com\\\/?s={search_term_string}\"},\"query-input\":{\"@type\":\"PropertyValueSpecification\",\"valueRequired\":true,\"valueName\":\"search_term_string\"}}],\"inLanguage\":\"de\"},{\"@type\":\"Organization\",\"@id\":\"https:\\\/\\\/empoweryourliving.com\\\/#organization\",\"name\":\"Empower Your Living\",\"url\":\"https:\\\/\\\/empoweryourliving.com\\\/\",\"logo\":{\"@type\":\"ImageObject\",\"inLanguage\":\"de\",\"@id\":\"https:\\\/\\\/empoweryourliving.com\\\/#\\\/schema\\\/logo\\\/image\\\/\",\"url\":\"https:\\\/\\\/empoweryourliving.com\\\/wp-content\\\/uploads\\\/2022\\\/03\\\/Logo-Web-hoch-gross.jpg\",\"contentUrl\":\"https:\\\/\\\/empoweryourliving.com\\\/wp-content\\\/uploads\\\/2022\\\/03\\\/Logo-Web-hoch-gross.jpg\",\"width\":1068,\"height\":1067,\"caption\":\"Empower Your Living\"},\"image\":{\"@id\":\"https:\\\/\\\/empoweryourliving.com\\\/#\\\/schema\\\/logo\\\/image\\\/\"},\"sameAs\":[\"https:\\\/\\\/www.instagram.com\\\/empower.your.living\\\/\"]}]}<\/script>\n<!-- \/ Yoast SEO plugin. -->","yoast_head_json":{"title":"Heilmassage - EMPOWER YOUR LIVING","description":"1 Heilmassage: Stress abbauen, Blockaden l\u00f6sen, geistige Klarheit erlangen. Tiefe Entspannung, f\u00fcr K\u00f6rper, Geist und Seele.","robots":{"index":"index","follow":"follow","max-snippet":"max-snippet:-1","max-image-preview":"max-image-preview:large","max-video-preview":"max-video-preview:-1"},"canonical":"https:\/\/empoweryourliving.com\/de\/heilmassage\/","og_locale":"de_DE","og_type":"article","og_title":"Heilmassage - EMPOWER YOUR LIVING","og_description":"1 Heilmassage: Stress abbauen, Blockaden l\u00f6sen, geistige Klarheit erlangen. Tiefe Entspannung, f\u00fcr K\u00f6rper, Geist und Seele.","og_url":"https:\/\/empoweryourliving.com\/de\/heilmassage\/","og_site_name":"EMPOWER YOUR LIVING","article_modified_time":"2025-04-28T14:11:43+00:00","twitter_card":"summary_large_image","twitter_misc":{"Gesch\u00e4tzte Lesezeit":"2\u00a0Minuten"},"schema":{"@context":"https:\/\/schema.org","@graph":[{"@type":"WebPage","@id":"https:\/\/empoweryourliving.com\/de\/heilmassage\/","url":"https:\/\/empoweryourliving.com\/de\/heilmassage\/","name":"Heilmassage - EMPOWER YOUR LIVING","isPartOf":{"@id":"https:\/\/empoweryourliving.com\/#website"},"datePublished":"2022-03-15T13:59:22+00:00","dateModified":"2025-04-28T14:11:43+00:00","description":"1 Heilmassage: Stress abbauen, Blockaden l\u00f6sen, geistige Klarheit erlangen. Tiefe Entspannung, f\u00fcr K\u00f6rper, Geist und Seele.","breadcrumb":{"@id":"https:\/\/empoweryourliving.com\/de\/heilmassage\/#breadcrumb"},"inLanguage":"de","potentialAction":[{"@type":"ReadAction","target":["https:\/\/empoweryourliving.com\/de\/heilmassage\/"]}]},{"@type":"BreadcrumbList","@id":"https:\/\/empoweryourliving.com\/de\/heilmassage\/#breadcrumb","itemListElement":[{"@type":"ListItem","position":1,"name":"Home","item":"https:\/\/empoweryourliving.com\/de\/transformative-reise\/"},{"@type":"ListItem","position":2,"name":"ENERGETISCHE HEILMASSAGE"}]},{"@type":"WebSite","@id":"https:\/\/empoweryourliving.com\/#website","url":"https:\/\/empoweryourliving.com\/","name":"EMPOWER YOUR LIVING","description":"","publisher":{"@id":"https:\/\/empoweryourliving.com\/#organization"},"potentialAction":[{"@type":"SearchAction","target":{"@type":"EntryPoint","urlTemplate":"https:\/\/empoweryourliving.com\/?s={search_term_string}"},"query-input":{"@type":"PropertyValueSpecification","valueRequired":true,"valueName":"search_term_string"}}],"inLanguage":"de"},{"@type":"Organization","@id":"https:\/\/empoweryourliving.com\/#organization","name":"Empower Your Living","url":"https:\/\/empoweryourliving.com\/","logo":{"@type":"ImageObject","inLanguage":"de","@id":"https:\/\/empoweryourliving.com\/#\/schema\/logo\/image\/","url":"https:\/\/empoweryourliving.com\/wp-content\/uploads\/2022\/03\/Logo-Web-hoch-gross.jpg","contentUrl":"https:\/\/empoweryourliving.com\/wp-content\/uploads\/2022\/03\/Logo-Web-hoch-gross.jpg","width":1068,"height":1067,"caption":"Empower Your Living"},"image":{"@id":"https:\/\/empoweryourliving.com\/#\/schema\/logo\/image\/"},"sameAs":["https:\/\/www.instagram.com\/empower.your.living\/"]}]}},"_links":{"self":[{"href":"https:\/\/empoweryourliving.com\/de\/wp-json\/wp\/v2\/pages\/5555","targetHints":{"allow":["GET"]}}],"collection":[{"href":"https:\/\/empoweryourliving.com\/de\/wp-json\/wp\/v2\/pages"}],"about":[{"href":"https:\/\/empoweryourliving.com\/de\/wp-json\/wp\/v2\/types\/page"}],"author":[{"embeddable":true,"href":"https:\/\/empoweryourliving.com\/de\/wp-json\/wp\/v2\/users\/1"}],"replies":[{"embeddable":true,"href":"https:\/\/empoweryourliving.com\/de\/wp-json\/wp\/v2\/comments?post=5555"}],"version-history":[{"count":16,"href":"https:\/\/empoweryourliving.com\/de\/wp-json\/wp\/v2\/pages\/5555\/revisions"}],"predecessor-version":[{"id":8243,"href":"https:\/\/empoweryourliving.com\/de\/wp-json\/wp\/v2\/pages\/5555\/revisions\/8243"}],"wp:attachment":[{"href":"https:\/\/empoweryourliving.com\/de\/wp-json\/wp\/v2\/media?parent=5555"}],"curies":[{"name":"wp","href":"https:\/\/api.w.org\/{rel}","templated":true}]}}