{"id":3882,"date":"2019-10-30T11:24:04","date_gmt":"2019-10-30T11:24:04","guid":{"rendered":"https:\/\/empoweryourliving.com\/?page_id=3882"},"modified":"2025-04-28T14:08:43","modified_gmt":"2025-04-28T14:08:43","slug":"koerper-geist-und-seele","status":"publish","type":"page","link":"https:\/\/empoweryourliving.com\/de\/koerper-geist-und-seele\/","title":{"rendered":"ENERGIE &#038; K\u00d6RPERARBEIT"},"content":{"rendered":"\n<style type=\"text\/css\" data-created_by=\"avia_inline_auto\" id=\"style-css-av-3kzfhm-c84f601e1bee2f6435e804ec5000b713\">\n.avia-section.av-3kzfhm-c84f601e1bee2f6435e804ec5000b713{\nbackground-repeat:no-repeat;\nbackground-image:url(https:\/\/empoweryourliving.com\/wp-content\/uploads\/2022\/02\/DSC7306-scaled.jpg);\nbackground-position:50% 50%;\nbackground-attachment:scroll;\n}\n<\/style>\n<div id='av_section_1'  class='avia-section av-3kzfhm-c84f601e1bee2f6435e804ec5000b713 main_color avia-section-huge avia-no-border-styling  avia-builder-el-0  el_before_av_heading  avia-builder-el-first  avia-full-stretch avia-bg-style-scroll av-minimum-height av-minimum-height-65 av-height-percent  container_wrap fullsize'  data-section-bg-repeat='stretch' data-av_minimum_height_pc='65' data-av_min_height_opt='percent'><div class='container av-section-cont-open' ><main  role=\"main\" itemprop=\"mainContentOfPage\"  class='template-page content  av-content-full alpha units'><div class='post-entry post-entry-type-page post-entry-3882'><div class='entry-content-wrapper clearfix'>\n\n<style type=\"text\/css\" data-created_by=\"avia_inline_auto\" id=\"style-css-av-l0s0sqb7-ac9078a77ba04367f7f3fd888bb28a2c\">\n#top .av-special-heading.av-l0s0sqb7-ac9078a77ba04367f7f3fd888bb28a2c{\npadding-bottom:10px;\ncolor:#ffffff;\nfont-size:60px;\n}\nbody .av-special-heading.av-l0s0sqb7-ac9078a77ba04367f7f3fd888bb28a2c .av-special-heading-tag .heading-char{\nfont-size:25px;\n}\n#top #wrap_all .av-special-heading.av-l0s0sqb7-ac9078a77ba04367f7f3fd888bb28a2c .av-special-heading-tag{\nfont-size:60px;\n}\n.av-special-heading.av-l0s0sqb7-ac9078a77ba04367f7f3fd888bb28a2c .special-heading-inner-border{\nborder-color:#ffffff;\n}\n.av-special-heading.av-l0s0sqb7-ac9078a77ba04367f7f3fd888bb28a2c .av-subheading{\nfont-size:15px;\n}\n\n@media only screen and (min-width: 480px) and (max-width: 767px){ \n#top #wrap_all .av-special-heading.av-l0s0sqb7-ac9078a77ba04367f7f3fd888bb28a2c .av-special-heading-tag{\nfont-size:0.8em;\n}\n}\n\n@media only screen and (max-width: 479px){ \n#top #wrap_all .av-special-heading.av-l0s0sqb7-ac9078a77ba04367f7f3fd888bb28a2c .av-special-heading-tag{\nfont-size:0.8em;\n}\n}\n<\/style>\n<div  class='av-special-heading av-l0s0sqb7-ac9078a77ba04367f7f3fd888bb28a2c av-special-heading-h1 custom-color-heading blockquote modern-quote modern-centered  avia-builder-el-1  avia-builder-el-no-sibling  av-inherit-size'><h1 class='av-special-heading-tag '  itemprop=\"headline\"  >ENERGIE <span class='special_amp'>&amp;<\/span> K\u00d6RPERARBEIT<\/h1><div class=\"special-heading-border\"><div class=\"special-heading-inner-border\"><\/div><\/div><\/div>\n<\/div><\/div><\/main><!-- close content main element --><\/div><\/div><div id='after_section_1'  class='main_color av_default_container_wrap container_wrap fullsize'  ><div class='container av-section-cont-open' ><div class='template-page content  av-content-full alpha units'><div class='post-entry post-entry-type-page post-entry-3882'><div class='entry-content-wrapper clearfix'>\n\n<style type=\"text\/css\" data-created_by=\"avia_inline_auto\" id=\"style-css-av-225eoa-e9af5dd43b3aa6017dd10e528fa28c16\">\n#top .av-special-heading.av-225eoa-e9af5dd43b3aa6017dd10e528fa28c16{\npadding-bottom:10px;\ncolor:#595959;\nfont-size:34px;\n}\nbody .av-special-heading.av-225eoa-e9af5dd43b3aa6017dd10e528fa28c16 .av-special-heading-tag .heading-char{\nfont-size:25px;\n}\n#top #wrap_all .av-special-heading.av-225eoa-e9af5dd43b3aa6017dd10e528fa28c16 .av-special-heading-tag{\nfont-size:34px;\n}\n.av-special-heading.av-225eoa-e9af5dd43b3aa6017dd10e528fa28c16 .special-heading-inner-border{\nborder-color:#595959;\n}\n.av-special-heading.av-225eoa-e9af5dd43b3aa6017dd10e528fa28c16 .av-subheading{\nfont-size:15px;\n}\n\n@media only screen and (min-width: 480px) and (max-width: 767px){ \n#top #wrap_all .av-special-heading.av-225eoa-e9af5dd43b3aa6017dd10e528fa28c16 .av-special-heading-tag{\nfont-size:0.8em;\n}\n}\n\n@media only screen and (max-width: 479px){ \n#top #wrap_all .av-special-heading.av-225eoa-e9af5dd43b3aa6017dd10e528fa28c16 .av-special-heading-tag{\nfont-size:0.8em;\n}\n}\n<\/style>\n<div  class='av-special-heading av-225eoa-e9af5dd43b3aa6017dd10e528fa28c16 av-special-heading-h2 custom-color-heading blockquote modern-quote  avia-builder-el-2  el_after_av_section  el_before_av_two_third  avia-builder-el-first  av-inherit-size'><h2 class='av-special-heading-tag '  itemprop=\"headline\"  >ENT(B)LOCKE DEIN WAHRES POTENZIAL<\/h2><div class=\"special-heading-border\"><div class=\"special-heading-inner-border\"><\/div><\/div><\/div>\n\n<style type=\"text\/css\" data-created_by=\"avia_inline_auto\" id=\"style-css-av-5u4t8q-b7216c9a84e5b6186039a853cd8a065c\">\n.flex_column.av-5u4t8q-b7216c9a84e5b6186039a853cd8a065c{\nborder-radius:0px 0px 0px 0px;\npadding:0px 0px 0px 0px;\n}\n<\/style>\n<div  class='flex_column av-5u4t8q-b7216c9a84e5b6186039a853cd8a065c av_two_third  avia-builder-el-3  el_after_av_heading  el_before_av_section  avia-builder-el-last  first flex_column_div av-zero-column-padding  '     ><p>\n<style type=\"text\/css\" data-created_by=\"avia_inline_auto\" id=\"style-css-av-uuh5dm-a4e79dd2e1eeefada99b1a24d7da0a52\">\n#top .av_textblock_section.av-uuh5dm-a4e79dd2e1eeefada99b1a24d7da0a52 .avia_textblock{\ncolor:#595959;\n}\n<\/style>\n<section  class='av_textblock_section av-uuh5dm-a4e79dd2e1eeefada99b1a24d7da0a52 '   itemscope=\"itemscope\" itemtype=\"https:\/\/schema.org\/CreativeWork\" ><div class='avia_textblock av_inherit_color'  itemprop=\"text\" ><p>Blockierte Energie \u2013 sei es physisch oder emotional \u2013 verursacht Spannungen, die K\u00f6rper, Geist und Seele belasten. Wenn deine Energie nicht frei fliessen kann, st\u00f6rt das dein inneres Gleichgewicht und beeintr\u00e4chtigt dein Wohlbefinden auf allen Ebenen. Viele der Beschwerden und Ungleichgewichte, die wir heute erleben, entstehen durch stagnierende Energie. Indem du diese Blockaden l\u00f6st, \u00f6ffnest du die T\u00fcr zu Balance, Leichtigkeit und einem tiefen Gef\u00fchl von Gelassenheit.<\/p>\n<p>Energie ist \u00fcberall \u2013 sie ist die unsichtbare Kraft, die alle Dinge miteinander verbindet, sogar die Objekte um dich herum. Ja, das mag vielleicht etwas &#8222;spirituell&#8220; klingen, aber nur weil du Energie nicht sehen kannst, bedeutet das nicht, dass sie nicht existiert. Sobald du anf\u00e4ngst, mit deiner Energie zu arbeiten, wirst du eine tiefere Verbindung zu dir selbst sp\u00fcren. Du bewegst dich von einem Zustand des st\u00e4ndigen <em>Tuns<\/em> hin zu einem Zustand des <em>Seins<\/em> und <em>F\u00fchlens<\/em>.<\/p>\n<blockquote>\n<p>\u00abMach Energie zu deinem Verb\u00fcndeten und entdecke Freiheit und Leichtigkeit in allen Bereichen deines Lebens.\u00bb<\/p>\n<\/blockquote>\n<p>Deine Energie ist eng mit deinen Emotionen verbunden. Indem du dich auf die feinen Schwingungen und subtilen Impulse in deinem K\u00f6rper einstimmst, erh\u00f6hst du dein Bewusstsein f\u00fcr das, was wirklich in dir geschieht. Dieses Bewusstsein schafft Raum \u2013 Raum, der deine kreative Kraft freisetzt und es dir erm\u00f6glicht, dein volles Potenzial zu entfalten. Aus diesem Zustand des Flusses und der Ausrichtung heraus findest du Balance, Leichtigkeit und F\u00fclle.<\/p>\n<\/div><\/section><br \/>\n\n<style type=\"text\/css\" data-created_by=\"avia_inline_auto\" id=\"style-css-av-lh69nfj5-bfa8c75a9872a4e3471450ce324ff37d\">\n#top .hr.hr-invisible.av-lh69nfj5-bfa8c75a9872a4e3471450ce324ff37d{\nheight:30px;\n}\n<\/style>\n<div  class='hr av-lh69nfj5-bfa8c75a9872a4e3471450ce324ff37d hr-invisible  avia-builder-el-5  el_after_av_textblock  el_before_av_image '><span class='hr-inner '><span class=\"hr-inner-style\"><\/span><\/span><\/div><br \/>\n\n<style type=\"text\/css\" data-created_by=\"avia_inline_auto\" id=\"style-css-av-lh69okhw-331e1bb123142e4b182bafdf06769d1f\">\n.avia-image-container.av-lh69okhw-331e1bb123142e4b182bafdf06769d1f img.avia_image{\nbox-shadow:none;\n}\n.avia-image-container.av-lh69okhw-331e1bb123142e4b182bafdf06769d1f .av-image-caption-overlay-center{\ncolor:#ffffff;\n}\n<\/style>\n<div  class='avia-image-container av-lh69okhw-331e1bb123142e4b182bafdf06769d1f av-styling- avia-align-left  avia-builder-el-6  el_after_av_hr  el_before_av_hr '   itemprop=\"image\" itemscope=\"itemscope\" itemtype=\"https:\/\/schema.org\/ImageObject\" ><div class=\"avia-image-container-inner\"><div class=\"avia-image-overlay-wrap\"><img decoding=\"async\" fetchpriority=\"high\" class='wp-image- avia-img-lazy-loading-not- avia_image ' src=\"https:\/\/empoweryourliving.com\/wp-content\/uploads\/2023\/04\/IMG_8590.jpg\" alt='' title=''   itemprop=\"thumbnailUrl\"  \/><\/div><\/div><\/div><br \/>\n\n<style type=\"text\/css\" data-created_by=\"avia_inline_auto\" id=\"style-css-av-34eakq-b63b6e8d34bcd52d4d2e5daa0d54f18a\">\n#top .hr.hr-invisible.av-34eakq-b63b6e8d34bcd52d4d2e5daa0d54f18a{\nheight:30px;\n}\n<\/style>\n<div  class='hr av-34eakq-b63b6e8d34bcd52d4d2e5daa0d54f18a hr-invisible  avia-builder-el-7  el_after_av_image  el_before_av_textblock '><span class='hr-inner '><span class=\"hr-inner-style\"><\/span><\/span><\/div><br \/>\n<section  class='av_textblock_section av-lh69rkxy-af325158aa39a81c4752a4e841c6fd67 '   itemscope=\"itemscope\" itemtype=\"https:\/\/schema.org\/CreativeWork\" ><div class='avia_textblock'  itemprop=\"text\" ><p>Energiezentren, oder Chakras, sind die Tore zur Harmonie \u2013 sie formen deine Zellen, Organe und dein Hormonsystem und beeinflussen dabei tiefgreifend deine Emotionen und Gedanken.<\/p>\n<\/div><\/section><br \/>\n\n<style type=\"text\/css\" data-created_by=\"avia_inline_auto\" id=\"style-css-av-lh69uagp-16288ad3709959faf0fa7fd2d6036bda\">\n#top .hr.hr-invisible.av-lh69uagp-16288ad3709959faf0fa7fd2d6036bda{\nheight:20px;\n}\n<\/style>\n<div  class='hr av-lh69uagp-16288ad3709959faf0fa7fd2d6036bda hr-invisible  avia-builder-el-9  el_after_av_textblock  el_before_av_textblock '><span class='hr-inner '><span class=\"hr-inner-style\"><\/span><\/span><\/div><br \/>\n\n<style type=\"text\/css\" data-created_by=\"avia_inline_auto\" id=\"style-css-av-lh69sg2p-7c1850d951a57a869035cf4cf7364652\">\n#top .av_textblock_section.av-lh69sg2p-7c1850d951a57a869035cf4cf7364652 .avia_textblock{\nfont-size:12px;\n}\n<\/style>\n<section  class='av_textblock_section av-lh69sg2p-7c1850d951a57a869035cf4cf7364652 '   itemscope=\"itemscope\" itemtype=\"https:\/\/schema.org\/CreativeWork\" ><div class='avia_textblock'  itemprop=\"text\" ><div>\n<p class=\"ABSATZ1\"><span lang=\"DE\">\u00a9 Kalashatra Govinda, \u00abChakra Praxisbuch, \u00dcbungen f\u00fcr Gesundheit und innere Kraft\u00bb<\/span><\/p>\n<\/div>\n<\/div><\/section><\/p><\/div><\/div><\/div><\/div><!-- close content main div --><\/div><\/div>\n<style type=\"text\/css\" data-created_by=\"avia_inline_auto\" id=\"style-css-av-l0s0xhwu-2d82dd3974d71457bd8a9c0d449d0b0d\">\n.avia-section.av-l0s0xhwu-2d82dd3974d71457bd8a9c0d449d0b0d{\nbackground-color:#6c8c85;\nbackground-image:unset;\n}\n<\/style>\n<div id='av_section_2'  class='avia-section av-l0s0xhwu-2d82dd3974d71457bd8a9c0d449d0b0d main_color avia-section-default avia-no-border-styling  avia-builder-el-11  el_after_av_two_third  avia-builder-el-last  avia-bg-style-scroll container_wrap fullsize'  ><div class='container av-section-cont-open' ><div class='template-page content  av-content-full alpha units'><div class='post-entry post-entry-type-page post-entry-3882'><div class='entry-content-wrapper clearfix'>\n\n<style type=\"text\/css\" data-created_by=\"avia_inline_auto\" id=\"style-css-av-cs1my-3de4b970968d77fae0e59d113ce95422\">\n.flex_column.av-cs1my-3de4b970968d77fae0e59d113ce95422{\nborder-radius:0px 0px 0px 0px;\npadding:0px 0px 0px 0px;\n}\n<\/style>\n<div  class='flex_column av-cs1my-3de4b970968d77fae0e59d113ce95422 av_two_third  avia-builder-el-12  avia-builder-el-no-sibling  first flex_column_div av-zero-column-padding  '     ><p>\n<style type=\"text\/css\" data-created_by=\"avia_inline_auto\" id=\"style-css-av-l0w455jd-9e1a8a03c45769b70e6c97c9d62dfd30\">\n#top .av-special-heading.av-l0w455jd-9e1a8a03c45769b70e6c97c9d62dfd30{\npadding-bottom:10px;\ncolor:#ffffff;\n}\nbody .av-special-heading.av-l0w455jd-9e1a8a03c45769b70e6c97c9d62dfd30 .av-special-heading-tag .heading-char{\nfont-size:25px;\n}\n.av-special-heading.av-l0w455jd-9e1a8a03c45769b70e6c97c9d62dfd30 .special-heading-inner-border{\nborder-color:#ffffff;\n}\n.av-special-heading.av-l0w455jd-9e1a8a03c45769b70e6c97c9d62dfd30 .av-subheading{\nfont-size:15px;\n}\n<\/style>\n<div  class='av-special-heading av-l0w455jd-9e1a8a03c45769b70e6c97c9d62dfd30 av-special-heading-h3 custom-color-heading blockquote modern-quote  avia-builder-el-13  el_before_av_textblock  avia-builder-el-first '><h3 class='av-special-heading-tag '  itemprop=\"headline\"  >BEREIT, DEIN LEBEN ZU TRANSFORMIEREN, INDEM DU K\u00d6RPER, GEIST UND SEELE IN EINKLANG BRINGST?<\/h3><div class=\"special-heading-border\"><div class=\"special-heading-inner-border\"><\/div><\/div><\/div><br \/>\n\n<style type=\"text\/css\" data-created_by=\"avia_inline_auto\" id=\"style-css-av-l0s0zaaf-d917fa3b58f11ccf3f4ac94773379605\">\n#top .av_textblock_section.av-l0s0zaaf-d917fa3b58f11ccf3f4ac94773379605 .avia_textblock{\ncolor:#ffffff;\n}\n<\/style>\n<section  class='av_textblock_section av-l0s0zaaf-d917fa3b58f11ccf3f4ac94773379605 '   itemscope=\"itemscope\" itemtype=\"https:\/\/schema.org\/CreativeWork\" ><div class='avia_textblock av_inherit_color'  itemprop=\"text\" ><p>Erfahre mehr \u00fcber:<\/p>\n<p><a href=\"https:\/\/empoweryourliving.com\/de\/heilmassage\/\" target=\"_blank\" rel=\"noopener\"><u>Energe<\/u><u>tische Heilmassage<\/u><\/a><\/p>\n<p><a href=\"https:\/\/empoweryourliving.com\/de\/yoga-meditation-und-achtsamkeit\/\" target=\"_blank\" rel=\"noopener\"><u>Yoga, Meditation und Achtsamkeit<\/u><\/a><\/p>\n<p><a href=\"https:\/\/empoweryourliving.com\/de\/faszientherapie\/\" target=\"_blank\" rel=\"noopener\"><u>Faszientherapie: Slings Myofasziales Training\u00ae<\/u><u> und Body Reading<\/u><\/a><\/p>\n<\/div><\/section><br \/>\n\n<style type=\"text\/css\" data-created_by=\"avia_inline_auto\" id=\"style-css-av-ma15epuu-95cc85d10e9e90c19b53d65904699c86\">\n#top .hr.hr-invisible.av-ma15epuu-95cc85d10e9e90c19b53d65904699c86{\nheight:30px;\n}\n<\/style>\n<div  class='hr av-ma15epuu-95cc85d10e9e90c19b53d65904699c86 hr-invisible  avia-builder-el-15  el_after_av_textblock  el_before_av_textblock '><span class='hr-inner '><span class=\"hr-inner-style\"><\/span><\/span><\/div><br \/>\n\n<style type=\"text\/css\" data-created_by=\"avia_inline_auto\" id=\"style-css-av-l0s108gb-698a59c21ec0d0eed06e6b1bc362c8a7\">\n#top .av_textblock_section.av-l0s108gb-698a59c21ec0d0eed06e6b1bc362c8a7 .avia_textblock{\nfont-size:10px;\ncolor:#ffffff;\n}\n<\/style>\n<section  class='av_textblock_section av-l0s108gb-698a59c21ec0d0eed06e6b1bc362c8a7 '   itemscope=\"itemscope\" itemtype=\"https:\/\/schema.org\/CreativeWork\" ><div class='avia_textblock av_inherit_color'  itemprop=\"text\" ><p>\u00a9 Foto<strong>: <\/strong>@estherwhite.photography<\/p>\n<\/div><\/section><\/p><\/div>\n<\/p>\n","protected":false},"excerpt":{"rendered":"","protected":false},"author":1,"featured_media":0,"parent":0,"menu_order":0,"comment_status":"closed","ping_status":"closed","template":"","meta":{"footnotes":""},"class_list":["post-3882","page","type-page","status-publish","hentry"],"yoast_head":"<!-- This site is optimized with the Yoast SEO plugin v27.5 - https:\/\/yoast.com\/product\/yoast-seo-wordpress\/ -->\n<title>K\u00f6rper, Geist und Seele - EMPOWER YOUR LIVING<\/title>\n<meta name=\"description\" content=\"Verbinde K\u00f6rper, Geist und Seele f\u00fcr mehr Leichtigkeit, Balance und Gelassenheit. Entdecke Werkzeuge, die dir helfen dein Leben zu ver\u00e4ndern.\" \/>\n<meta name=\"robots\" content=\"index, follow, max-snippet:-1, max-image-preview:large, max-video-preview:-1\" \/>\n<link rel=\"canonical\" href=\"https:\/\/empoweryourliving.com\/de\/koerper-geist-und-seele\/\" \/>\n<meta property=\"og:locale\" content=\"de_DE\" \/>\n<meta property=\"og:type\" content=\"article\" \/>\n<meta property=\"og:title\" content=\"K\u00f6rper, Geist und Seele - EMPOWER YOUR LIVING\" \/>\n<meta property=\"og:description\" content=\"Verbinde K\u00f6rper, Geist und Seele f\u00fcr mehr Leichtigkeit, Balance und Gelassenheit. Entdecke Werkzeuge, die dir helfen dein Leben zu ver\u00e4ndern.\" \/>\n<meta property=\"og:url\" content=\"https:\/\/empoweryourliving.com\/de\/koerper-geist-und-seele\/\" \/>\n<meta property=\"og:site_name\" content=\"EMPOWER YOUR LIVING\" \/>\n<meta property=\"article:modified_time\" content=\"2025-04-28T14:08:43+00:00\" \/>\n<meta name=\"twitter:card\" content=\"summary_large_image\" \/>\n<meta name=\"twitter:label1\" content=\"Gesch\u00e4tzte Lesezeit\" \/>\n\t<meta name=\"twitter:data1\" content=\"2\u00a0Minuten\" \/>\n<script type=\"application\/ld+json\" class=\"yoast-schema-graph\">{\"@context\":\"https:\\\/\\\/schema.org\",\"@graph\":[{\"@type\":\"WebPage\",\"@id\":\"https:\\\/\\\/empoweryourliving.com\\\/de\\\/koerper-geist-und-seele\\\/\",\"url\":\"https:\\\/\\\/empoweryourliving.com\\\/de\\\/koerper-geist-und-seele\\\/\",\"name\":\"K\u00f6rper, Geist und Seele - EMPOWER YOUR LIVING\",\"isPartOf\":{\"@id\":\"https:\\\/\\\/empoweryourliving.com\\\/#website\"},\"datePublished\":\"2019-10-30T11:24:04+00:00\",\"dateModified\":\"2025-04-28T14:08:43+00:00\",\"description\":\"Verbinde K\u00f6rper, Geist und Seele f\u00fcr mehr Leichtigkeit, Balance und Gelassenheit. Entdecke Werkzeuge, die dir helfen dein Leben zu ver\u00e4ndern.\",\"breadcrumb\":{\"@id\":\"https:\\\/\\\/empoweryourliving.com\\\/de\\\/koerper-geist-und-seele\\\/#breadcrumb\"},\"inLanguage\":\"de\",\"potentialAction\":[{\"@type\":\"ReadAction\",\"target\":[\"https:\\\/\\\/empoweryourliving.com\\\/de\\\/koerper-geist-und-seele\\\/\"]}]},{\"@type\":\"BreadcrumbList\",\"@id\":\"https:\\\/\\\/empoweryourliving.com\\\/de\\\/koerper-geist-und-seele\\\/#breadcrumb\",\"itemListElement\":[{\"@type\":\"ListItem\",\"position\":1,\"name\":\"Home\",\"item\":\"https:\\\/\\\/empoweryourliving.com\\\/de\\\/transformative-reise\\\/\"},{\"@type\":\"ListItem\",\"position\":2,\"name\":\"ENERGIE &#038; K\u00d6RPERARBEIT\"}]},{\"@type\":\"WebSite\",\"@id\":\"https:\\\/\\\/empoweryourliving.com\\\/#website\",\"url\":\"https:\\\/\\\/empoweryourliving.com\\\/\",\"name\":\"EMPOWER YOUR LIVING\",\"description\":\"\",\"publisher\":{\"@id\":\"https:\\\/\\\/empoweryourliving.com\\\/#organization\"},\"potentialAction\":[{\"@type\":\"SearchAction\",\"target\":{\"@type\":\"EntryPoint\",\"urlTemplate\":\"https:\\\/\\\/empoweryourliving.com\\\/?s={search_term_string}\"},\"query-input\":{\"@type\":\"PropertyValueSpecification\",\"valueRequired\":true,\"valueName\":\"search_term_string\"}}],\"inLanguage\":\"de\"},{\"@type\":\"Organization\",\"@id\":\"https:\\\/\\\/empoweryourliving.com\\\/#organization\",\"name\":\"Empower Your Living\",\"url\":\"https:\\\/\\\/empoweryourliving.com\\\/\",\"logo\":{\"@type\":\"ImageObject\",\"inLanguage\":\"de\",\"@id\":\"https:\\\/\\\/empoweryourliving.com\\\/#\\\/schema\\\/logo\\\/image\\\/\",\"url\":\"https:\\\/\\\/empoweryourliving.com\\\/wp-content\\\/uploads\\\/2022\\\/03\\\/Logo-Web-hoch-gross.jpg\",\"contentUrl\":\"https:\\\/\\\/empoweryourliving.com\\\/wp-content\\\/uploads\\\/2022\\\/03\\\/Logo-Web-hoch-gross.jpg\",\"width\":1068,\"height\":1067,\"caption\":\"Empower Your Living\"},\"image\":{\"@id\":\"https:\\\/\\\/empoweryourliving.com\\\/#\\\/schema\\\/logo\\\/image\\\/\"},\"sameAs\":[\"https:\\\/\\\/www.instagram.com\\\/empower.your.living\\\/\"]}]}<\/script>\n<!-- \/ Yoast SEO plugin. -->","yoast_head_json":{"title":"K\u00f6rper, Geist und Seele - EMPOWER YOUR LIVING","description":"Verbinde K\u00f6rper, Geist und Seele f\u00fcr mehr Leichtigkeit, Balance und Gelassenheit. Entdecke Werkzeuge, die dir helfen dein Leben zu ver\u00e4ndern.","robots":{"index":"index","follow":"follow","max-snippet":"max-snippet:-1","max-image-preview":"max-image-preview:large","max-video-preview":"max-video-preview:-1"},"canonical":"https:\/\/empoweryourliving.com\/de\/koerper-geist-und-seele\/","og_locale":"de_DE","og_type":"article","og_title":"K\u00f6rper, Geist und Seele - EMPOWER YOUR LIVING","og_description":"Verbinde K\u00f6rper, Geist und Seele f\u00fcr mehr Leichtigkeit, Balance und Gelassenheit. Entdecke Werkzeuge, die dir helfen dein Leben zu ver\u00e4ndern.","og_url":"https:\/\/empoweryourliving.com\/de\/koerper-geist-und-seele\/","og_site_name":"EMPOWER YOUR LIVING","article_modified_time":"2025-04-28T14:08:43+00:00","twitter_card":"summary_large_image","twitter_misc":{"Gesch\u00e4tzte Lesezeit":"2\u00a0Minuten"},"schema":{"@context":"https:\/\/schema.org","@graph":[{"@type":"WebPage","@id":"https:\/\/empoweryourliving.com\/de\/koerper-geist-und-seele\/","url":"https:\/\/empoweryourliving.com\/de\/koerper-geist-und-seele\/","name":"K\u00f6rper, Geist und Seele - EMPOWER YOUR LIVING","isPartOf":{"@id":"https:\/\/empoweryourliving.com\/#website"},"datePublished":"2019-10-30T11:24:04+00:00","dateModified":"2025-04-28T14:08:43+00:00","description":"Verbinde K\u00f6rper, Geist und Seele f\u00fcr mehr Leichtigkeit, Balance und Gelassenheit. Entdecke Werkzeuge, die dir helfen dein Leben zu ver\u00e4ndern.","breadcrumb":{"@id":"https:\/\/empoweryourliving.com\/de\/koerper-geist-und-seele\/#breadcrumb"},"inLanguage":"de","potentialAction":[{"@type":"ReadAction","target":["https:\/\/empoweryourliving.com\/de\/koerper-geist-und-seele\/"]}]},{"@type":"BreadcrumbList","@id":"https:\/\/empoweryourliving.com\/de\/koerper-geist-und-seele\/#breadcrumb","itemListElement":[{"@type":"ListItem","position":1,"name":"Home","item":"https:\/\/empoweryourliving.com\/de\/transformative-reise\/"},{"@type":"ListItem","position":2,"name":"ENERGIE &#038; K\u00d6RPERARBEIT"}]},{"@type":"WebSite","@id":"https:\/\/empoweryourliving.com\/#website","url":"https:\/\/empoweryourliving.com\/","name":"EMPOWER YOUR LIVING","description":"","publisher":{"@id":"https:\/\/empoweryourliving.com\/#organization"},"potentialAction":[{"@type":"SearchAction","target":{"@type":"EntryPoint","urlTemplate":"https:\/\/empoweryourliving.com\/?s={search_term_string}"},"query-input":{"@type":"PropertyValueSpecification","valueRequired":true,"valueName":"search_term_string"}}],"inLanguage":"de"},{"@type":"Organization","@id":"https:\/\/empoweryourliving.com\/#organization","name":"Empower Your Living","url":"https:\/\/empoweryourliving.com\/","logo":{"@type":"ImageObject","inLanguage":"de","@id":"https:\/\/empoweryourliving.com\/#\/schema\/logo\/image\/","url":"https:\/\/empoweryourliving.com\/wp-content\/uploads\/2022\/03\/Logo-Web-hoch-gross.jpg","contentUrl":"https:\/\/empoweryourliving.com\/wp-content\/uploads\/2022\/03\/Logo-Web-hoch-gross.jpg","width":1068,"height":1067,"caption":"Empower Your Living"},"image":{"@id":"https:\/\/empoweryourliving.com\/#\/schema\/logo\/image\/"},"sameAs":["https:\/\/www.instagram.com\/empower.your.living\/"]}]}},"_links":{"self":[{"href":"https:\/\/empoweryourliving.com\/de\/wp-json\/wp\/v2\/pages\/3882","targetHints":{"allow":["GET"]}}],"collection":[{"href":"https:\/\/empoweryourliving.com\/de\/wp-json\/wp\/v2\/pages"}],"about":[{"href":"https:\/\/empoweryourliving.com\/de\/wp-json\/wp\/v2\/types\/page"}],"author":[{"embeddable":true,"href":"https:\/\/empoweryourliving.com\/de\/wp-json\/wp\/v2\/users\/1"}],"replies":[{"embeddable":true,"href":"https:\/\/empoweryourliving.com\/de\/wp-json\/wp\/v2\/comments?post=3882"}],"version-history":[{"count":66,"href":"https:\/\/empoweryourliving.com\/de\/wp-json\/wp\/v2\/pages\/3882\/revisions"}],"predecessor-version":[{"id":8238,"href":"https:\/\/empoweryourliving.com\/de\/wp-json\/wp\/v2\/pages\/3882\/revisions\/8238"}],"wp:attachment":[{"href":"https:\/\/empoweryourliving.com\/de\/wp-json\/wp\/v2\/media?parent=3882"}],"curies":[{"name":"wp","href":"https:\/\/api.w.org\/{rel}","templated":true}]}}