{"id":1411,"date":"2017-09-09T11:41:05","date_gmt":"2017-09-09T11:41:05","guid":{"rendered":"https:\/\/empoweryourliving.com?page_id=1411"},"modified":"2024-11-25T09:09:26","modified_gmt":"2024-11-25T09:09:26","slug":"traumleben","status":"publish","type":"page","link":"https:\/\/empoweryourliving.com\/de\/traumleben\/","title":{"rendered":"COACHING"},"content":{"rendered":"\n<style type=\"text\/css\" data-created_by=\"avia_inline_auto\" id=\"style-css-av-pg9pnn-b2c6458e44e56ad483cb72fe1e79e8cc\">\n.avia-section.av-pg9pnn-b2c6458e44e56ad483cb72fe1e79e8cc{\nbackground-repeat:no-repeat;\nbackground-image:url(https:\/\/empoweryourliving.com\/wp-content\/uploads\/2022\/02\/DSC7402-scaled.jpg);\nbackground-position:50% 0%;\nbackground-attachment:scroll;\n}\n<\/style>\n<div id='av_section_1'  class='avia-section av-pg9pnn-b2c6458e44e56ad483cb72fe1e79e8cc main_color avia-section-huge avia-no-border-styling  avia-builder-el-0  el_before_av_heading  avia-builder-el-first  avia-full-stretch avia-bg-style-scroll av-minimum-height av-minimum-height-65 av-height-percent  container_wrap fullsize'  data-section-bg-repeat='stretch' data-av_minimum_height_pc='65' data-av_min_height_opt='percent'><div class='container av-section-cont-open' ><main  role=\"main\" itemprop=\"mainContentOfPage\"  class='template-page content  av-content-full alpha units'><div class='post-entry post-entry-type-page post-entry-1411'><div class='entry-content-wrapper clearfix'>\n\n<style type=\"text\/css\" data-created_by=\"avia_inline_auto\" id=\"style-css-av-l0tq2he4-a84053b905280e8fff3a24677ee48508\">\n#top .av-special-heading.av-l0tq2he4-a84053b905280e8fff3a24677ee48508{\npadding-bottom:10px;\ncolor:#ffffff;\nfont-size:60px;\n}\nbody .av-special-heading.av-l0tq2he4-a84053b905280e8fff3a24677ee48508 .av-special-heading-tag .heading-char{\nfont-size:25px;\n}\n#top #wrap_all .av-special-heading.av-l0tq2he4-a84053b905280e8fff3a24677ee48508 .av-special-heading-tag{\nfont-size:60px;\n}\n.av-special-heading.av-l0tq2he4-a84053b905280e8fff3a24677ee48508 .special-heading-inner-border{\nborder-color:#ffffff;\n}\n.av-special-heading.av-l0tq2he4-a84053b905280e8fff3a24677ee48508 .av-subheading{\nfont-size:15px;\n}\n\n@media only screen and (min-width: 480px) and (max-width: 767px){ \n#top #wrap_all .av-special-heading.av-l0tq2he4-a84053b905280e8fff3a24677ee48508 .av-special-heading-tag{\nfont-size:0.8em;\n}\n}\n\n@media only screen and (max-width: 479px){ \n#top #wrap_all .av-special-heading.av-l0tq2he4-a84053b905280e8fff3a24677ee48508 .av-special-heading-tag{\nfont-size:0.8em;\n}\n}\n<\/style>\n<div  class='av-special-heading av-l0tq2he4-a84053b905280e8fff3a24677ee48508 av-special-heading-h3 custom-color-heading blockquote modern-quote modern-centered  avia-builder-el-1  avia-builder-el-no-sibling  av-inherit-size'><h3 class='av-special-heading-tag '  itemprop=\"headline\"  >COACHING<\/h3><div class=\"special-heading-border\"><div class=\"special-heading-inner-border\"><\/div><\/div><\/div>\n<\/div><\/div><\/main><!-- close content main element --><\/div><\/div><div id='after_section_1'  class='main_color av_default_container_wrap container_wrap fullsize'  ><div class='container av-section-cont-open' ><div class='template-page content  av-content-full alpha units'><div class='post-entry post-entry-type-page post-entry-1411'><div class='entry-content-wrapper clearfix'>\n\n<style type=\"text\/css\" data-created_by=\"avia_inline_auto\" id=\"style-css-av-1x710j-d09d8fcc37c1298665a9c1fe84a20f26\">\n#top .av-special-heading.av-1x710j-d09d8fcc37c1298665a9c1fe84a20f26{\npadding-bottom:20px;\ncolor:#595959;\n}\nbody .av-special-heading.av-1x710j-d09d8fcc37c1298665a9c1fe84a20f26 .av-special-heading-tag .heading-char{\nfont-size:25px;\n}\n.av-special-heading.av-1x710j-d09d8fcc37c1298665a9c1fe84a20f26 .special-heading-inner-border{\nborder-color:#595959;\n}\n.av-special-heading.av-1x710j-d09d8fcc37c1298665a9c1fe84a20f26 .av-subheading{\nfont-size:15px;\n}\n<\/style>\n<div  class='av-special-heading av-1x710j-d09d8fcc37c1298665a9c1fe84a20f26 av-special-heading-h1 custom-color-heading blockquote modern-quote  avia-builder-el-2  el_after_av_section  el_before_av_hr  avia-builder-el-first '><h1 class='av-special-heading-tag '  itemprop=\"headline\"  >TAUCHE EIN IN DEIN EINZIGARTIGES ICH<\/h1><div class=\"special-heading-border\"><div class=\"special-heading-inner-border\"><\/div><\/div><\/div>\n\n<style type=\"text\/css\" data-created_by=\"avia_inline_auto\" id=\"style-css-av-lh63xoie-aef4845ba54962a3f4bd4fe2b274d39c\">\n#top .hr.hr-invisible.av-lh63xoie-aef4845ba54962a3f4bd4fe2b274d39c{\nheight:30px;\n}\n<\/style>\n<div  class='hr av-lh63xoie-aef4845ba54962a3f4bd4fe2b274d39c hr-invisible  avia-builder-el-3  el_after_av_heading  el_before_av_two_third '><span class='hr-inner '><span class=\"hr-inner-style\"><\/span><\/span><\/div>\n\n<style type=\"text\/css\" data-created_by=\"avia_inline_auto\" id=\"style-css-av-455bub-356692bd384da92d852388c487618ede\">\n.flex_column.av-455bub-356692bd384da92d852388c487618ede{\nborder-radius:0px 0px 0px 0px;\npadding:0px 0px 0px 0px;\n}\n<\/style>\n<div  class='flex_column av-455bub-356692bd384da92d852388c487618ede av_two_third  avia-builder-el-4  el_after_av_hr  el_before_av_section  avia-builder-el-last  first flex_column_div av-zero-column-padding  '     ><p>\n<style type=\"text\/css\" data-created_by=\"avia_inline_auto\" id=\"style-css-av-lh63vkza-23adf50f47d65ddc542da1a2357bee4f\">\n#top .av-special-heading.av-lh63vkza-23adf50f47d65ddc542da1a2357bee4f{\npadding-bottom:10px;\ncolor:#595959;\n}\nbody .av-special-heading.av-lh63vkza-23adf50f47d65ddc542da1a2357bee4f .av-special-heading-tag .heading-char{\nfont-size:25px;\n}\n.av-special-heading.av-lh63vkza-23adf50f47d65ddc542da1a2357bee4f .special-heading-inner-border{\nborder-color:#595959;\n}\n.av-special-heading.av-lh63vkza-23adf50f47d65ddc542da1a2357bee4f .av-subheading{\nfont-size:15px;\n}\n<\/style>\n<div  class='av-special-heading av-lh63vkza-23adf50f47d65ddc542da1a2357bee4f av-special-heading-h3 custom-color-heading blockquote modern-quote  avia-builder-el-5  el_before_av_textblock  avia-builder-el-first '><h3 class='av-special-heading-tag '  itemprop=\"headline\"  >WAS H\u00c4LT DICH DAVON AB, DEIN TRAUMLEBEN ZU LEBEN?<\/h3><div class=\"special-heading-border\"><div class=\"special-heading-inner-border\"><\/div><\/div><\/div><br \/>\n\n<style type=\"text\/css\" data-created_by=\"avia_inline_auto\" id=\"style-css-av-l81dzn-7ae10c696892dc39b75f09cb7f226bef\">\n#top .av_textblock_section.av-l81dzn-7ae10c696892dc39b75f09cb7f226bef .avia_textblock{\ncolor:#595959;\n}\n<\/style>\n<section  class='av_textblock_section av-l81dzn-7ae10c696892dc39b75f09cb7f226bef '   itemscope=\"itemscope\" itemtype=\"https:\/\/schema.org\/CreativeWork\" ><div class='avia_textblock av_inherit_color'  itemprop=\"text\" ><p>Du weisst, dass es mehr im Leben gibt, aber es scheint immer ausser Reichweite zu sein. Du sehnst dich nach Freude, Leichtigkeit und einem Leben im Flow, aber alte Muster halten dich zur\u00fcck. Kommt dir das bekannt vor?<\/p>\n<p>\u2728 <strong>Bist du bereit, dein Traumleben zu leben, weisst aber nicht, was dein Herz wirklich h\u00f6herschlagen l\u00e4sst?<\/strong><br \/>\n\u2728 <strong>F\u00fchlst du dich disconnected und nicht im Einklang mit dir selbst und deiner Umgebung?<\/strong><br \/>\n\u2728 <strong>Sehnst du dich danach, gesehen, geh\u00f6rt und f\u00fcr das gesch\u00e4tzt zu werden, was du bist?<\/strong><br \/>\n\u2728 <strong>K\u00e4mpfst du mit schlaflosen N\u00e4chten, tr\u00e4gen Tagen und einem negativen Gedankenkarussell?<\/strong><br \/>\n\u2728 <strong>F\u00fchlt sich das Leben an wie ein st\u00e4ndiger Kampf bergauf, bei dem du immer den K\u00fcrzeren ziehst?<\/strong><br \/>\n\u2728 <strong>Tr\u00e4umst du von F\u00fclle, Gl\u00fcck und Leichtigkeit in jedem Aspekt deines Lebens, f\u00fchlst dich aber festgefahren?<\/strong><\/p>\n<p>Vielleicht halten dich Angst, Zweifel oder altes Gep\u00e4ck zur\u00fcck. Vielleicht ist der Schritt aus deiner Komfortzone zu \u00fcberw\u00e4ltigend, oder du k\u00e4mpfst mit immer wiederkehrenden Herausforderungen, die dir die Energie rauben.<\/p>\n<p>Aber hier ist die Wahrheit: <strong>Du bist nicht daf\u00fcr gemacht, zu k\u00e4mpfen. Du bist daf\u00fcr gemacht, zu strahlen.<\/strong><\/p>\n<p>Stell dir vor, du wachst voller Vorfreude auf den Tag auf, f\u00fchlst dich im Einklang mit deinem wahren Ich und lebst ein Leben, in dem Flow, Freiheit und F\u00fclle ganz nat\u00fcrlich zu dir kommen. Stell dir vor, dein volles Leuchten freizusetzen und endlich das Traumleben zu f\u00fchren, von dem du weisst, dass es f\u00fcr dich bestimmt ist.<\/p>\n<p><strong>Der erste Schritt? Sag JA zu DIR.<\/strong><\/p>\n<p>Bist du bereit, loszulassen, was dich zur\u00fcckh\u00e4lt, und in dein einzigartiges Ich einzutauchen? Lass uns gemeinsam den Weg zu dem Leben starten, von dem du immer getr\u00e4umt hast.<\/p>\n<\/div><\/section><\/p><\/div>\n<\/div><\/div><\/div><!-- close content main div --><\/div><\/div>\n<style type=\"text\/css\" data-created_by=\"avia_inline_auto\" id=\"style-css-av-giezqr-5704928da4caa7984f892ced1a2218b4\">\n.avia-section.av-giezqr-5704928da4caa7984f892ced1a2218b4{\nbackground-color:#5d8dc1;\nbackground-image:unset;\n}\n<\/style>\n<div id='av_section_2'  class='avia-section av-giezqr-5704928da4caa7984f892ced1a2218b4 alternate_color avia-section-large avia-no-border-styling  avia-builder-el-7  el_after_av_two_third  el_before_av_one_half  avia-bg-style-scroll container_wrap fullsize'  ><div class='container av-section-cont-open' ><div class='template-page content  av-content-full alpha units'><div class='post-entry post-entry-type-page post-entry-1411'><div class='entry-content-wrapper clearfix'>\n\n<style type=\"text\/css\" data-created_by=\"avia_inline_auto\" id=\"style-css-av-26d3qb-9f0ce724b38c579cdfb8d92988220af4\">\n.flex_column.av-26d3qb-9f0ce724b38c579cdfb8d92988220af4{\nborder-radius:0px 0px 0px 0px;\npadding:0px 0px 0px 0px;\n}\n<\/style>\n<div  class='flex_column av-26d3qb-9f0ce724b38c579cdfb8d92988220af4 av_two_third  avia-builder-el-8  el_before_av_textblock  avia-builder-el-first  first flex_column_div av-zero-column-padding  '     ><style type=\"text\/css\" data-created_by=\"avia_inline_auto\" id=\"style-css-av-bthg3-f85f3dd622fdec1d58d01720e60bfb54\">\n#top .av-special-heading.av-bthg3-f85f3dd622fdec1d58d01720e60bfb54{\npadding-bottom:10px;\ncolor:#ffffff;\nfont-size:20px;\n}\nbody .av-special-heading.av-bthg3-f85f3dd622fdec1d58d01720e60bfb54 .av-special-heading-tag .heading-char{\nfont-size:25px;\n}\n#top #wrap_all .av-special-heading.av-bthg3-f85f3dd622fdec1d58d01720e60bfb54 .av-special-heading-tag{\nfont-size:20px;\n}\n.av-special-heading.av-bthg3-f85f3dd622fdec1d58d01720e60bfb54 .special-heading-inner-border{\nborder-color:#ffffff;\n}\n.av-special-heading.av-bthg3-f85f3dd622fdec1d58d01720e60bfb54 .av-subheading{\nfont-size:15px;\n}\n\n@media only screen and (min-width: 480px) and (max-width: 767px){ \n#top #wrap_all .av-special-heading.av-bthg3-f85f3dd622fdec1d58d01720e60bfb54 .av-special-heading-tag{\nfont-size:0.8em;\n}\n}\n\n@media only screen and (max-width: 479px){ \n#top #wrap_all .av-special-heading.av-bthg3-f85f3dd622fdec1d58d01720e60bfb54 .av-special-heading-tag{\nfont-size:0.8em;\n}\n}\n<\/style>\n<div  class='av-special-heading av-bthg3-f85f3dd622fdec1d58d01720e60bfb54 av-special-heading-h1 custom-color-heading blockquote modern-quote  avia-builder-el-9  avia-builder-el-no-sibling  av-inherit-size'><h1 class='av-special-heading-tag '  itemprop=\"headline\"  >DEIN TRAUMLEBEN IST ZUM GREIFEN NAH. LASS ES UNS GEMEINSAM WIRKLICHKEIT WERDEN LASSEN.<\/h1><div class=\"special-heading-border\"><div class=\"special-heading-inner-border\"><\/div><\/div><\/div><\/div>\n<style type=\"text\/css\" data-created_by=\"avia_inline_auto\" id=\"style-css-av-l0rz9z3x-3b9c9df7ddd179209b0449e1805ac596\">\n#top .av_textblock_section.av-l0rz9z3x-3b9c9df7ddd179209b0449e1805ac596 .avia_textblock{\nfont-size:15px;\ncolor:#ffffff;\n}\n<\/style>\n<section  class='av_textblock_section av-l0rz9z3x-3b9c9df7ddd179209b0449e1805ac596 '   itemscope=\"itemscope\" itemtype=\"https:\/\/schema.org\/CreativeWork\" ><div class='avia_textblock av_inherit_color'  itemprop=\"text\" ><p><a href=\"https:\/\/empoweryourliving.com\/de\/volles-potenzial-ausschoepfen\/\" target=\"_blank\" rel=\"noopener\"><u>Erfahre mehr \u00fcber \u00abLife-Dive-Mastering\u00bb<\/u><\/a><\/p>\n<p><a href=\"https:\/\/empoweryourliving.com\/de\/toxische-beziehungen\/\" target=\"_blank\" rel=\"noopener\"><u>Erfahre mehr \u00fcber Coaching \u00abToxische Beziehungen\u00bb<\/u><\/a><\/p>\n<p>Kontaktiere mich: <a href=\"mailto:barbara@empoweryourliving.com\" target=\"_blank\" rel=\"noopener\">barbara@empoweryourliving.com<\/a><\/p>\n<\/div><\/section>\n<\/div><\/div><\/div><!-- close content main div --><\/div><\/div><div id='after_section_2'  class='main_color av_default_container_wrap container_wrap fullsize'  ><div class='container av-section-cont-open' ><div class='template-page content  av-content-full alpha units'><div class='post-entry post-entry-type-page post-entry-1411'><div class='entry-content-wrapper clearfix'><div  class='flex_column av-4xc7c3-d83a409b987e775da9f35df0286f8643 av_one_half  avia-builder-el-11  el_after_av_section  el_before_av_hr  avia-builder-el-first  first flex_column_div  '     ><p>\n<style type=\"text\/css\" data-created_by=\"avia_inline_auto\" id=\"style-css-av-lh64apws-fabf7797160d41d86c6464df65c701f1\">\n.avia-video.av-lh64apws-fabf7797160d41d86c6464df65c701f1{\nbackground-image:url(https:\/\/empoweryourliving.com\/wp-content\/uploads\/2023\/05\/IMG_8538-1030x586.jpg);\n}\n<\/style>\n<div  class='avia-video av-lh64apws-fabf7797160d41d86c6464df65c701f1 avia-video-16-9 av-preview-image avia-video-load-always av-lazyload-immediate av-lazyload-video-embed'  itemprop=\"video\" itemtype=\"https:\/\/schema.org\/VideoObject\"  data-original_url='https:\/\/youtu.be\/R1feD0sY9iQ'><script type='text\/html' class='av-video-tmpl'><div class='avia-iframe-wrap'><iframe loading=\"lazy\" title=\"PURE MAGIC\" width=\"1500\" height=\"844\" src=\"https:\/\/www.youtube.com\/embed\/R1feD0sY9iQ?feature=oembed&autoplay=0&loop=0&controls=1&mute=0\" frameborder=\"0\" allow=\"accelerometer; autoplay; clipboard-write; encrypted-media; gyroscope; picture-in-picture; web-share\" referrerpolicy=\"strict-origin-when-cross-origin\" allowfullscreen><\/iframe><\/div><\/script><div class='av-click-to-play-overlay'><div class=\"avia_playpause_icon\"><\/div><\/div><\/div><br \/>\n\n<style type=\"text\/css\" data-created_by=\"avia_inline_auto\" id=\"style-css-av-lh64dwc0-35f3f93896debec1379da2d54421b482\">\n#top .av_textblock_section.av-lh64dwc0-35f3f93896debec1379da2d54421b482 .avia_textblock{\nfont-size:10px;\ncolor:#595959;\n}\n<\/style>\n<section  class='av_textblock_section av-lh64dwc0-35f3f93896debec1379da2d54421b482 '   itemscope=\"itemscope\" itemtype=\"https:\/\/schema.org\/CreativeWork\" ><div class='avia_textblock av_inherit_color'  itemprop=\"text\" ><p><span lang=\"EN-US\">\u00a9 Video: Barbara, Empower Your Livi<\/span><span lang=\"EN-US\">ng<\/span><\/p>\n<\/div><\/section><\/p><\/div><\/p>\n\n<style type=\"text\/css\" data-created_by=\"avia_inline_auto\" id=\"style-css-av-34ydz7-3002eb9945f9692328244c62f10926b6\">\n#top .hr.hr-invisible.av-34ydz7-3002eb9945f9692328244c62f10926b6{\nheight:30px;\n}\n<\/style>\n<div  class='hr av-34ydz7-3002eb9945f9692328244c62f10926b6 hr-invisible  avia-builder-el-14  el_after_av_one_half  el_before_av_textblock '><span class='hr-inner '><span class=\"hr-inner-style\"><\/span><\/span><\/div>\n\n<style type=\"text\/css\" data-created_by=\"avia_inline_auto\" id=\"style-css-av-l0rzb0fj-018ae4237bdac5c67758e00b11ffaeeb\">\n#top .av_textblock_section.av-l0rzb0fj-018ae4237bdac5c67758e00b11ffaeeb .avia_textblock{\nfont-size:10px;\ncolor:#595959;\n}\n<\/style>\n<section  class='av_textblock_section av-l0rzb0fj-018ae4237bdac5c67758e00b11ffaeeb '   itemscope=\"itemscope\" itemtype=\"https:\/\/schema.org\/CreativeWork\" ><div class='avia_textblock av_inherit_color'  itemprop=\"text\" ><p>\u00a9 Foto: @estherwhite.photography<\/p>\n<\/div><\/section>\n","protected":false},"excerpt":{"rendered":"","protected":false},"author":1,"featured_media":0,"parent":0,"menu_order":0,"comment_status":"closed","ping_status":"closed","template":"","meta":{"footnotes":""},"class_list":["post-1411","page","type-page","status-publish","hentry"],"yoast_head":"<!-- This site is optimized with the Yoast SEO plugin v27.4 - https:\/\/yoast.com\/product\/yoast-seo-wordpress\/ -->\n<title>Traumleben - EMPOWER YOUR LIVING<\/title>\n<meta name=\"description\" content=\"15 Gr\u00fcnde dein Traumleben zu leben. Flow, F\u00fclle und Leichtigkeit sind in Griffn\u00e4he. Erfahre wie du es verwirklichen kannst.\" \/>\n<meta name=\"robots\" content=\"index, follow, max-snippet:-1, max-image-preview:large, max-video-preview:-1\" \/>\n<link rel=\"canonical\" href=\"https:\/\/empoweryourliving.com\/de\/traumleben\/\" \/>\n<meta property=\"og:locale\" content=\"de_DE\" \/>\n<meta property=\"og:type\" content=\"article\" \/>\n<meta property=\"og:title\" content=\"Traumleben - EMPOWER YOUR LIVING\" \/>\n<meta property=\"og:description\" content=\"15 Gr\u00fcnde dein Traumleben zu leben. Flow, F\u00fclle und Leichtigkeit sind in Griffn\u00e4he. Erfahre wie du es verwirklichen kannst.\" \/>\n<meta property=\"og:url\" content=\"https:\/\/empoweryourliving.com\/de\/traumleben\/\" \/>\n<meta property=\"og:site_name\" content=\"EMPOWER YOUR LIVING\" \/>\n<meta property=\"article:modified_time\" content=\"2024-11-25T09:09:26+00:00\" \/>\n<meta name=\"twitter:card\" content=\"summary_large_image\" \/>\n<meta name=\"twitter:label1\" content=\"Gesch\u00e4tzte Lesezeit\" \/>\n\t<meta name=\"twitter:data1\" content=\"2\u00a0Minuten\" \/>\n<script type=\"application\/ld+json\" class=\"yoast-schema-graph\">{\"@context\":\"https:\\\/\\\/schema.org\",\"@graph\":[{\"@type\":\"WebPage\",\"@id\":\"https:\\\/\\\/empoweryourliving.com\\\/de\\\/traumleben\\\/\",\"url\":\"https:\\\/\\\/empoweryourliving.com\\\/de\\\/traumleben\\\/\",\"name\":\"Traumleben - EMPOWER YOUR LIVING\",\"isPartOf\":{\"@id\":\"https:\\\/\\\/empoweryourliving.com\\\/#website\"},\"datePublished\":\"2017-09-09T11:41:05+00:00\",\"dateModified\":\"2024-11-25T09:09:26+00:00\",\"description\":\"15 Gr\u00fcnde dein Traumleben zu leben. Flow, F\u00fclle und Leichtigkeit sind in Griffn\u00e4he. Erfahre wie du es verwirklichen kannst.\",\"breadcrumb\":{\"@id\":\"https:\\\/\\\/empoweryourliving.com\\\/de\\\/traumleben\\\/#breadcrumb\"},\"inLanguage\":\"de\",\"potentialAction\":[{\"@type\":\"ReadAction\",\"target\":[\"https:\\\/\\\/empoweryourliving.com\\\/de\\\/traumleben\\\/\"]}]},{\"@type\":\"BreadcrumbList\",\"@id\":\"https:\\\/\\\/empoweryourliving.com\\\/de\\\/traumleben\\\/#breadcrumb\",\"itemListElement\":[{\"@type\":\"ListItem\",\"position\":1,\"name\":\"Home\",\"item\":\"https:\\\/\\\/empoweryourliving.com\\\/de\\\/transformative-reise\\\/\"},{\"@type\":\"ListItem\",\"position\":2,\"name\":\"COACHING\"}]},{\"@type\":\"WebSite\",\"@id\":\"https:\\\/\\\/empoweryourliving.com\\\/#website\",\"url\":\"https:\\\/\\\/empoweryourliving.com\\\/\",\"name\":\"EMPOWER YOUR LIVING\",\"description\":\"\",\"publisher\":{\"@id\":\"https:\\\/\\\/empoweryourliving.com\\\/#organization\"},\"potentialAction\":[{\"@type\":\"SearchAction\",\"target\":{\"@type\":\"EntryPoint\",\"urlTemplate\":\"https:\\\/\\\/empoweryourliving.com\\\/?s={search_term_string}\"},\"query-input\":{\"@type\":\"PropertyValueSpecification\",\"valueRequired\":true,\"valueName\":\"search_term_string\"}}],\"inLanguage\":\"de\"},{\"@type\":\"Organization\",\"@id\":\"https:\\\/\\\/empoweryourliving.com\\\/#organization\",\"name\":\"Empower Your Living\",\"url\":\"https:\\\/\\\/empoweryourliving.com\\\/\",\"logo\":{\"@type\":\"ImageObject\",\"inLanguage\":\"de\",\"@id\":\"https:\\\/\\\/empoweryourliving.com\\\/#\\\/schema\\\/logo\\\/image\\\/\",\"url\":\"https:\\\/\\\/empoweryourliving.com\\\/wp-content\\\/uploads\\\/2022\\\/03\\\/Logo-Web-hoch-gross.jpg\",\"contentUrl\":\"https:\\\/\\\/empoweryourliving.com\\\/wp-content\\\/uploads\\\/2022\\\/03\\\/Logo-Web-hoch-gross.jpg\",\"width\":1068,\"height\":1067,\"caption\":\"Empower Your Living\"},\"image\":{\"@id\":\"https:\\\/\\\/empoweryourliving.com\\\/#\\\/schema\\\/logo\\\/image\\\/\"},\"sameAs\":[\"https:\\\/\\\/www.instagram.com\\\/empower.your.living\\\/\"]}]}<\/script>\n<!-- \/ Yoast SEO plugin. -->","yoast_head_json":{"title":"Traumleben - EMPOWER YOUR LIVING","description":"15 Gr\u00fcnde dein Traumleben zu leben. Flow, F\u00fclle und Leichtigkeit sind in Griffn\u00e4he. Erfahre wie du es verwirklichen kannst.","robots":{"index":"index","follow":"follow","max-snippet":"max-snippet:-1","max-image-preview":"max-image-preview:large","max-video-preview":"max-video-preview:-1"},"canonical":"https:\/\/empoweryourliving.com\/de\/traumleben\/","og_locale":"de_DE","og_type":"article","og_title":"Traumleben - EMPOWER YOUR LIVING","og_description":"15 Gr\u00fcnde dein Traumleben zu leben. Flow, F\u00fclle und Leichtigkeit sind in Griffn\u00e4he. Erfahre wie du es verwirklichen kannst.","og_url":"https:\/\/empoweryourliving.com\/de\/traumleben\/","og_site_name":"EMPOWER YOUR LIVING","article_modified_time":"2024-11-25T09:09:26+00:00","twitter_card":"summary_large_image","twitter_misc":{"Gesch\u00e4tzte Lesezeit":"2\u00a0Minuten"},"schema":{"@context":"https:\/\/schema.org","@graph":[{"@type":"WebPage","@id":"https:\/\/empoweryourliving.com\/de\/traumleben\/","url":"https:\/\/empoweryourliving.com\/de\/traumleben\/","name":"Traumleben - EMPOWER YOUR LIVING","isPartOf":{"@id":"https:\/\/empoweryourliving.com\/#website"},"datePublished":"2017-09-09T11:41:05+00:00","dateModified":"2024-11-25T09:09:26+00:00","description":"15 Gr\u00fcnde dein Traumleben zu leben. Flow, F\u00fclle und Leichtigkeit sind in Griffn\u00e4he. Erfahre wie du es verwirklichen kannst.","breadcrumb":{"@id":"https:\/\/empoweryourliving.com\/de\/traumleben\/#breadcrumb"},"inLanguage":"de","potentialAction":[{"@type":"ReadAction","target":["https:\/\/empoweryourliving.com\/de\/traumleben\/"]}]},{"@type":"BreadcrumbList","@id":"https:\/\/empoweryourliving.com\/de\/traumleben\/#breadcrumb","itemListElement":[{"@type":"ListItem","position":1,"name":"Home","item":"https:\/\/empoweryourliving.com\/de\/transformative-reise\/"},{"@type":"ListItem","position":2,"name":"COACHING"}]},{"@type":"WebSite","@id":"https:\/\/empoweryourliving.com\/#website","url":"https:\/\/empoweryourliving.com\/","name":"EMPOWER YOUR LIVING","description":"","publisher":{"@id":"https:\/\/empoweryourliving.com\/#organization"},"potentialAction":[{"@type":"SearchAction","target":{"@type":"EntryPoint","urlTemplate":"https:\/\/empoweryourliving.com\/?s={search_term_string}"},"query-input":{"@type":"PropertyValueSpecification","valueRequired":true,"valueName":"search_term_string"}}],"inLanguage":"de"},{"@type":"Organization","@id":"https:\/\/empoweryourliving.com\/#organization","name":"Empower Your Living","url":"https:\/\/empoweryourliving.com\/","logo":{"@type":"ImageObject","inLanguage":"de","@id":"https:\/\/empoweryourliving.com\/#\/schema\/logo\/image\/","url":"https:\/\/empoweryourliving.com\/wp-content\/uploads\/2022\/03\/Logo-Web-hoch-gross.jpg","contentUrl":"https:\/\/empoweryourliving.com\/wp-content\/uploads\/2022\/03\/Logo-Web-hoch-gross.jpg","width":1068,"height":1067,"caption":"Empower Your Living"},"image":{"@id":"https:\/\/empoweryourliving.com\/#\/schema\/logo\/image\/"},"sameAs":["https:\/\/www.instagram.com\/empower.your.living\/"]}]}},"_links":{"self":[{"href":"https:\/\/empoweryourliving.com\/de\/wp-json\/wp\/v2\/pages\/1411","targetHints":{"allow":["GET"]}}],"collection":[{"href":"https:\/\/empoweryourliving.com\/de\/wp-json\/wp\/v2\/pages"}],"about":[{"href":"https:\/\/empoweryourliving.com\/de\/wp-json\/wp\/v2\/types\/page"}],"author":[{"embeddable":true,"href":"https:\/\/empoweryourliving.com\/de\/wp-json\/wp\/v2\/users\/1"}],"replies":[{"embeddable":true,"href":"https:\/\/empoweryourliving.com\/de\/wp-json\/wp\/v2\/comments?post=1411"}],"version-history":[{"count":84,"href":"https:\/\/empoweryourliving.com\/de\/wp-json\/wp\/v2\/pages\/1411\/revisions"}],"predecessor-version":[{"id":7711,"href":"https:\/\/empoweryourliving.com\/de\/wp-json\/wp\/v2\/pages\/1411\/revisions\/7711"}],"wp:attachment":[{"href":"https:\/\/empoweryourliving.com\/de\/wp-json\/wp\/v2\/media?parent=1411"}],"curies":[{"name":"wp","href":"https:\/\/api.w.org\/{rel}","templated":true}]}}